{"id":9029,"date":"2023-04-03T20:44:46","date_gmt":"2023-04-03T19:44:46","guid":{"rendered":"https:\/\/green-works.nl\/pioenen-informatie\/"},"modified":"2024-08-16T15:40:31","modified_gmt":"2024-08-16T14:40:31","slug":"peony-information","status":"publish","type":"page","link":"https:\/\/green-works.nl\/en\/peony-information\/","title":{"rendered":"Peony Information"},"content":{"rendered":"[vc_row type=&#8221;in_container&#8221; full_screen_row_position=&#8221;middle&#8221; column_margin=&#8221;default&#8221; column_direction=&#8221;default&#8221; column_direction_tablet=&#8221;default&#8221; column_direction_phone=&#8221;default&#8221; bg_image=&#8221;8970&#8243; bg_image_tablet=&#8221;8970&#8243; bg_image_phone=&#8221;8970&#8243; bg_position=&#8221;left top&#8221; background_image_loading=&#8221;default&#8221; bg_repeat=&#8221;no-repeat&#8221; scene_position=&#8221;center&#8221; top_padding=&#8221;7%&#8221; bottom_padding=&#8221;7%&#8221; left_padding_desktop=&#8221;6%&#8221; right_padding_desktop=&#8221;3%&#8221; top_margin=&#8221;10px&#8221; text_color=&#8221;dark&#8221; text_align=&#8221;left&#8221; row_border_radius=&#8221;5px&#8221; row_border_radius_applies=&#8221;bg&#8221; overflow=&#8221;visible&#8221; color_overlay=&#8221;#0a0a0a&#8221; overlay_strength=&#8221;0.3&#8243; gradient_direction=&#8221;left_to_right&#8221; shape_divider_position=&#8221;bottom&#8221; bg_image_animation=&#8221;none&#8221; gradient_type=&#8221;default&#8221; shape_type=&#8221;&#8221;][vc_column column_padding=&#8221;no-extra-padding&#8221; column_padding_tablet=&#8221;inherit&#8221; column_padding_phone=&#8221;inherit&#8221; column_padding_position=&#8221;all&#8221; column_element_direction_desktop=&#8221;default&#8221; column_element_spacing=&#8221;default&#8221; desktop_text_alignment=&#8221;default&#8221; tablet_text_alignment=&#8221;default&#8221; phone_text_alignment=&#8221;default&#8221; background_color_opacity=&#8221;1&#8243; background_hover_color_opacity=&#8221;1&#8243; column_backdrop_filter=&#8221;none&#8221; column_shadow=&#8221;none&#8221; column_border_radius=&#8221;none&#8221; column_link_target=&#8221;_self&#8221; column_position=&#8221;default&#8221; gradient_direction=&#8221;left_to_right&#8221; overlay_strength=&#8221;0.3&#8243; width=&#8221;1\/1&#8243; tablet_width_inherit=&#8221;default&#8221; animation_type=&#8221;default&#8221; bg_image_animation=&#8221;none&#8221; border_type=&#8221;simple&#8221; column_border_width=&#8221;none&#8221; column_border_style=&#8221;solid&#8221;][vc_custom_heading text=&#8221;Peony Information&#8221; font_container=&#8221;tag:h2|text_align:left|color:%23ffffff&#8221; use_theme_fonts=&#8221;yes&#8221;][\/vc_column][\/vc_row][vc_row type=&#8221;in_container&#8221; full_screen_row_position=&#8221;middle&#8221; column_margin=&#8221;default&#8221; column_direction=&#8221;default&#8221; column_direction_tablet=&#8221;default&#8221; column_direction_phone=&#8221;default&#8221; scene_position=&#8221;center&#8221; text_color=&#8221;dark&#8221; text_align=&#8221;left&#8221; row_border_radius=&#8221;none&#8221; row_border_radius_applies=&#8221;bg&#8221; overflow=&#8221;visible&#8221; overlay_strength=&#8221;0.3&#8243; gradient_direction=&#8221;left_to_right&#8221; shape_divider_position=&#8221;bottom&#8221; bg_image_animation=&#8221;none&#8221;][vc_column column_padding=&#8221;no-extra-padding&#8221; column_padding_tablet=&#8221;inherit&#8221; column_padding_phone=&#8221;inherit&#8221; column_padding_position=&#8221;all&#8221; column_element_direction_desktop=&#8221;default&#8221; column_element_spacing=&#8221;default&#8221; desktop_text_alignment=&#8221;default&#8221; tablet_text_alignment=&#8221;default&#8221; phone_text_alignment=&#8221;default&#8221; background_color_opacity=&#8221;1&#8243; background_hover_color_opacity=&#8221;1&#8243; column_backdrop_filter=&#8221;none&#8221; column_shadow=&#8221;none&#8221; column_border_radius=&#8221;none&#8221; column_link_target=&#8221;_self&#8221; column_position=&#8221;default&#8221; gradient_direction=&#8221;left_to_right&#8221; overlay_strength=&#8221;0.3&#8243; width=&#8221;1\/4&#8243; tablet_width_inherit=&#8221;default&#8221; animation_type=&#8221;default&#8221; bg_image_animation=&#8221;none&#8221; border_type=&#8221;simple&#8221; column_border_width=&#8221;none&#8221; column_border_style=&#8221;solid&#8221;][image_with_animation image_url=&#8221;2835&#8243; image_size=&#8221;full&#8221; animation_type=&#8221;entrance&#8221; animation=&#8221;None&#8221; animation_movement_type=&#8221;transform_y&#8221; hover_animation=&#8221;none&#8221; alignment=&#8221;&#8221; border_radius=&#8221;none&#8221; box_shadow=&#8221;none&#8221; image_loading=&#8221;default&#8221; max_width=&#8221;100%&#8221; max_width_mobile=&#8221;default&#8221;][\/vc_column][vc_column column_padding=&#8221;no-extra-padding&#8221; column_padding_tablet=&#8221;inherit&#8221; column_padding_phone=&#8221;inherit&#8221; column_padding_position=&#8221;all&#8221; column_element_direction_desktop=&#8221;default&#8221; column_element_spacing=&#8221;default&#8221; desktop_text_alignment=&#8221;default&#8221; tablet_text_alignment=&#8221;default&#8221; phone_text_alignment=&#8221;default&#8221; background_color_opacity=&#8221;1&#8243; background_hover_color_opacity=&#8221;1&#8243; column_backdrop_filter=&#8221;none&#8221; column_shadow=&#8221;none&#8221; column_border_radius=&#8221;none&#8221; column_link_target=&#8221;_self&#8221; column_position=&#8221;default&#8221; gradient_direction=&#8221;left_to_right&#8221; overlay_strength=&#8221;0.3&#8243; width=&#8221;1\/2&#8243; tablet_width_inherit=&#8221;default&#8221; animation_type=&#8221;default&#8221; bg_image_animation=&#8221;none&#8221; border_type=&#8221;simple&#8221; column_border_width=&#8221;none&#8221; column_border_style=&#8221;solid&#8221;][vc_column_text]\n<h2>Green Works, specialist in the field of peonies<\/h2>\n<p>In addition to being a supplier of young starting material for professional cultivation, Green Works is a major supplier of peonies for cultivation and trade, both at home and abroad. The quality of our starting material is what sets us apart every day. The peony is also known as peony or Paeonia.<\/p>\n<p>In order to supply the best possible plant material, our plants meet the following conditions, among others:<\/p>\n<ul>\n<li>True to type<\/li>\n<li>Free from nematodes<\/li>\n<li>Free from root weeds<\/li>\n<li>Dutch grown and NAKT approved<\/li>\n<li>Young and healthy plant material &#8211; biennial cultivation<\/li>\n<li>Good size: 2-3 eyes (75 pieces per lily crate) and 3-5 eyes (50 pieces per lily crate). This is a guideline and may vary<\/li>\n<li>We have professional photography available for customers<\/li>\n<\/ul>\n<p>Our <strong>assortment<\/strong> consists of the categories <a href=\"https:\/\/green-works.nl\/en\/peonies\/paeonia\/\" target=\"_blank\" rel=\"noopener\">Paeonia<\/a>, <a href=\"https:\/\/green-works.nl\/en\/peonies\/paeonia-itoh\/\" target=\"_blank\" rel=\"noopener\">Paeonia itoh<\/a>, <a href=\"https:\/\/green-works.nl\/en\/peonies\/patio-peony\/\" target=\"_blank\" rel=\"noopener\">Patio Peony<\/a>, <a href=\"https:\/\/green-works.nl\/en\/peonies\/tree-peonies\/\" target=\"_blank\" rel=\"noopener\">Tree Peonies<\/a> and <a href=\"https:\/\/green-works.nl\/en\/peonies\/peony-combinations\/\" target=\"_blank\" rel=\"noopener\">Peony Combinations<\/a>. Click on the links of each category for more information.<\/p>\n<h3><strong>Peony catalog 2024 &#8211; 2025<\/strong><\/h3>\n<p>Have a look at our entire new and extensive Peony assortment in our new and improved Peony catalog: <a href=\"https:\/\/green-works.nl\/wp-content\/uploads\/2024\/08\/Peony-Catalog-zonder-prijs-mail-2.pdf\" target=\"_blank\" rel=\"noopener noreferrer\">Peony catalog 2024 &#8211; 2025<\/a><\/p>\n<h3>Paeonia<\/h3>\n<p>Green Works has an extensive Peony assortment. These Peonies are great for pot use and for cutting. In addition to our ussual assortment, we offer special Paeonia that are supplied from our own cultivation, from which no flowers are harvested.<\/p>\n<p>We also offer support with the cultivation of Peonies. Through our <a href=\"https:\/\/green-works.nl\/en\/news\/peony-care-newsletters\/\" target=\"_blank\" rel=\"noopener\">Peony Care newsletters<\/a> which we send out (often monthly) to our customers. In these Peony Care newsletters we provide the latest news and useful tips. We also have all kinds of marketing material available for our customers. Such as high resolution pictures of (almost) all our varieties and various leaflets.<\/p>\n<p><a href=\"https:\/\/green-works.nl\/en\/peonies\/paeonia\/\" target=\"_blank\" rel=\"noopener noreferrer\"><strong>Have a look at all of our Paeonia<\/strong><\/a><\/p>\n<h3><strong>Paeonia itoh<\/strong><\/h3>\n<p>Itoh Peonies are the result of a cross between the <strong>lactiflora<\/strong> (the regular Peony) and the <strong>suffruticosa<\/strong> (the tree Peony). As a result, the plants grows underground like a normal Peony and is therefore easy to divide, and above the ground like a tree Peony. This combination makes for the <strong>ultimate garden Peony<\/strong>. One with a lot of decorative value.<\/p>\n<p>Paeonia itoh has a <strong>beautiful plant shape<\/strong> and beautiful large and colorful flowers. The itoh Peonies that are there for several years can produce fifty or more flowers per plant. That is not exceptional. They retain their ornamental value even after flowering.<\/p>\n<p><strong><a href=\"https:\/\/green-works.nl\/en\/peonies\/paeonia-itoh\/\" target=\"_blank\" rel=\"noopener noreferrer\">Have a look at all of our itoh Peonies<\/a><\/strong><\/p>\n<h3><strong>Patio Peony<\/strong><\/h3>\n<p>These Peonies are very suitable for the pot and are specially selected for their compact growth and ease of flowering in the pot and in the garden. Patio Peonies have very sturdy stems and very floriferous. This Peony is an enrichment for every pot and garden. These flowers stand out because of their elegant shapes and colors. Have a look at our assortment of Patio Peonies, which are all named after famous (world) cities.<\/p>\n<p><strong><a href=\"https:\/\/green-works.nl\/en\/peonies\/patio-peony\/\" target=\"_blank\" rel=\"noopener noreferrer\">Have a look at all of our Patio Peonies<\/a><\/strong><\/p>\n<h3><strong>Peony Combinations<\/strong><\/h3>\n<p>Green Works has put together several unique Paeonia combinations that have been specifically selected for export (trade), dry and mail order sales. These unique combinations allow you to distinguish and position yourself on the Peony market. These combinations have a catchy name and are also supported with high resolution pictures. This way you can properly advertise these combinations as well!<\/p>\n<p><strong><a href=\"https:\/\/green-works.nl\/en\/peonies\/peony-combinations\/\" target=\"_blank\" rel=\"noopener noreferrer\">Have a look at all of our Peony Combinations<\/a><\/strong><\/p>\n<h3>Peonies in all languages<\/h3>\n<p>This is what Peonies are called in other countries:<\/p>\n<p><strong>The Netherlands:<\/strong> pioen, pioen kopen, pioenen, pioenen kweken, pioenen planten; <strong>America:<\/strong>\u00a0peony, buy peony, peonies, growing peonies, planting peonies;\u00a0<strong>Poland: <\/strong>Piwonie, kupi\u0107 piwoni\u0119, uprawa piwonii, sadzenie piwonii;\u00a0<strong>Italy:<\/strong>\u00a0Peonia, acquistare la peonia, coltivare le peonie, piantare le peonie;\u00a0<strong>UK:<\/strong>\u00a0peony, buy peony, peonies, growing peonies, planting peonies;\u00a0<strong>Canada:<\/strong>\u00a0peony, buy peony, peonies, growing peonies, planting peonies;\u00a0<strong>France:<\/strong> Pivoine, acheter une pivoine, culture de pivoines, plantation de pivoines;\u00a0<strong>Germany:<\/strong> Pfingstrose, Pfingstrose kaufen, Pfingstrosen anbauen, Pfingstrosen pflanzen;\u00a0<strong>South Korea:<\/strong>\u00a0\ubaa8\ub780, \ubaa8\ub780\uc744 \uc0ac\ub2e4, \ubaa8\ub780 \uc7ac\ubc30, \ubaa8\ub780 \uc2ec\uae30;\u00a0<strong>Finland:<\/strong> Pioni, ostaa pioni, pionien kasvattaminen, istutus pionit;\u00a0<strong>Sweden: <\/strong>Pioner, k\u00f6pa pion, odling av pioner, plantering av pioner;\u00a0<strong>Kazakhstan: <\/strong>\u043f\u0438\u043e\u043d, \u043f\u0438\u043e\u043d \u0441\u0430\u0442\u044b\u043f \u0430\u043b\u044b\u04a3\u044b\u0437, \u043f\u0438\u043e\u043d\u0434\u0430\u0440, \u043f\u0438\u043e\u043d\u0434\u0430\u0440\u0434\u044b \u04e9\u0441\u0456\u0440\u0443, \u043f\u0438\u043e\u043d\u0434\u0430\u0440\u0434\u044b \u043e\u0442\u044b\u0440\u0493\u044b\u0437\u0443,\u00a0p\u00efon, p\u00efondar, p\u00efondard\u0131 \u00f6sirw, p\u00efondard\u0131 ot\u0131r\u011f\u0131zw<\/p>\n<h2>Contact<\/h2>\n<p><strong>Sales and cultivation support<\/strong><\/p>\n<p>Would you like to know more about our Peonies? Contact us and we will be happy to inform you!<\/p>\n<p><strong>Ed Kleijbeuker<\/strong><br \/>\nM:\u00a0<a href=\"tel:+31624946405\">+31 (0)6 24 94 64 05<\/a><br \/>\nE:\u00a0<a href=\"mailto:Ed@green-works.nl\">ed@green-works.nl<\/a>[\/vc_column_text][\/vc_column][vc_column column_padding=&#8221;no-extra-padding&#8221; column_padding_tablet=&#8221;inherit&#8221; column_padding_phone=&#8221;inherit&#8221; column_padding_position=&#8221;all&#8221; column_element_direction_desktop=&#8221;default&#8221; column_element_spacing=&#8221;default&#8221; desktop_text_alignment=&#8221;default&#8221; tablet_text_alignment=&#8221;default&#8221; phone_text_alignment=&#8221;default&#8221; background_color_opacity=&#8221;1&#8243; background_hover_color_opacity=&#8221;1&#8243; column_backdrop_filter=&#8221;none&#8221; column_shadow=&#8221;none&#8221; column_border_radius=&#8221;none&#8221; column_link_target=&#8221;_self&#8221; column_position=&#8221;default&#8221; gradient_direction=&#8221;left_to_right&#8221; overlay_strength=&#8221;0.3&#8243; width=&#8221;1\/4&#8243; tablet_width_inherit=&#8221;default&#8221; animation_type=&#8221;default&#8221; bg_image_animation=&#8221;none&#8221; border_type=&#8221;simple&#8221; column_border_width=&#8221;none&#8221; column_border_style=&#8221;solid&#8221;][image_with_animation image_url=&#8221;2442&#8243; image_size=&#8221;full&#8221; animation_type=&#8221;entrance&#8221; animation=&#8221;None&#8221; animation_movement_type=&#8221;transform_y&#8221; hover_animation=&#8221;none&#8221; alignment=&#8221;right&#8221; border_radius=&#8221;none&#8221; box_shadow=&#8221;none&#8221; image_loading=&#8221;default&#8221; max_width=&#8221;100%&#8221; max_width_mobile=&#8221;default&#8221; margin_top=&#8221;600&#8243;][\/vc_column][\/vc_row]\n","protected":false},"excerpt":{"rendered":"<p>[vc_row type=&#8221;in_container&#8221; full_screen_row_position=&#8221;middle&#8221; column_margin=&#8221;default&#8221; column_direction=&#8221;default&#8221; column_direction_tablet=&#8221;default&#8221; column_direction_phone=&#8221;default&#8221; bg_image=&#8221;8970&#8243; bg_image_tablet=&#8221;8970&#8243; bg_image_phone=&#8221;8970&#8243; bg_position=&#8221;left top&#8221; background_image_loading=&#8221;default&#8221; bg_repeat=&#8221;no-repeat&#8221; scene_position=&#8221;center&#8221; top_padding=&#8221;7%&#8221; bottom_padding=&#8221;7%&#8221; left_padding_desktop=&#8221;6%&#8221; right_padding_desktop=&#8221;3%&#8221; top_margin=&#8221;10px&#8221; text_color=&#8221;dark&#8221; text_align=&#8221;left&#8221; row_border_radius=&#8221;5px&#8221; row_border_radius_applies=&#8221;bg&#8221; overflow=&#8221;visible&#8221; color_overlay=&#8221;#0a0a0a&#8221; overlay_strength=&#8221;0.3&#8243; gradient_direction=&#8221;left_to_right&#8221; shape_divider_position=&#8221;bottom&#8221; bg_image_animation=&#8221;none&#8221;&#8230;<\/p>\n","protected":false},"author":1,"featured_media":0,"parent":0,"menu_order":0,"comment_status":"closed","ping_status":"closed","template":"","meta":{"footnotes":""},"class_list":["post-9029","page","type-page","status-publish"],"yoast_head":"<!-- This site is optimized with the Yoast SEO plugin v23.0 - https:\/\/yoast.com\/wordpress\/plugins\/seo\/ -->\n<title>Peony Information - Green Works<\/title>\n<meta name=\"description\" content=\"Green Works, for all your Paeonia roots. Here you will find all information regarding the Peonies from Green Works. Information relevant to the cultivation of Peonies. Visit our website for more information and our assortment. Buy your Peony roots at Green Works!\" \/>\n<meta name=\"robots\" content=\"index, follow, max-snippet:-1, max-image-preview:large, max-video-preview:-1\" \/>\n<link rel=\"canonical\" href=\"https:\/\/green-works.nl\/en\/peony-information\/\" \/>\n<meta property=\"og:locale\" content=\"en_US\" \/>\n<meta property=\"og:type\" content=\"article\" \/>\n<meta property=\"og:title\" content=\"Peony Information - Green Works\" \/>\n<meta property=\"og:description\" content=\"Green Works, for all your Paeonia roots. Here you will find all information regarding the Peonies from Green Works. Information relevant to the cultivation of Peonies. Visit our website for more information and our assortment. Buy your Peony roots at Green Works!\" \/>\n<meta property=\"og:url\" content=\"https:\/\/green-works.nl\/en\/peony-information\/\" \/>\n<meta property=\"og:site_name\" content=\"Green Works\" \/>\n<meta property=\"article:publisher\" content=\"https:\/\/www.facebook.com\/greenworksinternational\/\" \/>\n<meta property=\"article:modified_time\" content=\"2024-08-16T14:40:31+00:00\" \/>\n<meta name=\"twitter:card\" content=\"summary_large_image\" \/>\n<meta name=\"twitter:label1\" content=\"Est. reading time\" \/>\n\t<meta name=\"twitter:data1\" content=\"6 minutes\" \/>\n<script type=\"application\/ld+json\" class=\"yoast-schema-graph\">{\"@context\":\"https:\/\/schema.org\",\"@graph\":[{\"@type\":\"WebPage\",\"@id\":\"https:\/\/green-works.nl\/en\/peony-information\/\",\"url\":\"https:\/\/green-works.nl\/en\/peony-information\/\",\"name\":\"Peony Information - Green Works\",\"isPartOf\":{\"@id\":\"https:\/\/green-works.nl\/en\/#website\"},\"datePublished\":\"2023-04-03T19:44:46+00:00\",\"dateModified\":\"2024-08-16T14:40:31+00:00\",\"description\":\"Green Works, for all your Paeonia roots. Here you will find all information regarding the Peonies from Green Works. Information relevant to the cultivation of Peonies. Visit our website for more information and our assortment. Buy your Peony roots at Green Works!\",\"breadcrumb\":{\"@id\":\"https:\/\/green-works.nl\/en\/peony-information\/#breadcrumb\"},\"inLanguage\":\"en-US\",\"potentialAction\":[{\"@type\":\"ReadAction\",\"target\":[\"https:\/\/green-works.nl\/en\/peony-information\/\"]}]},{\"@type\":\"BreadcrumbList\",\"@id\":\"https:\/\/green-works.nl\/en\/peony-information\/#breadcrumb\",\"itemListElement\":[{\"@type\":\"ListItem\",\"position\":1,\"name\":\"Home\",\"item\":\"https:\/\/green-works.nl\/en\/\"},{\"@type\":\"ListItem\",\"position\":2,\"name\":\"Peony Information\"}]},{\"@type\":\"WebSite\",\"@id\":\"https:\/\/green-works.nl\/en\/#website\",\"url\":\"https:\/\/green-works.nl\/en\/\",\"name\":\"Green Works\",\"description\":\"Specialist in Young Plants, Paeonia &amp; Ranunculus\",\"publisher\":{\"@id\":\"https:\/\/green-works.nl\/en\/#organization\"},\"potentialAction\":[{\"@type\":\"SearchAction\",\"target\":{\"@type\":\"EntryPoint\",\"urlTemplate\":\"https:\/\/green-works.nl\/en\/?s={search_term_string}\"},\"query-input\":\"required name=search_term_string\"}],\"inLanguage\":\"en-US\"},{\"@type\":\"Organization\",\"@id\":\"https:\/\/green-works.nl\/en\/#organization\",\"name\":\"Green Works\",\"url\":\"https:\/\/green-works.nl\/en\/\",\"logo\":{\"@type\":\"ImageObject\",\"inLanguage\":\"en-US\",\"@id\":\"https:\/\/green-works.nl\/en\/#\/schema\/logo\/image\/\",\"url\":\"https:\/\/green-works.nl\/wp-content\/uploads\/2023\/01\/GWI_Logo.png\",\"contentUrl\":\"https:\/\/green-works.nl\/wp-content\/uploads\/2023\/01\/GWI_Logo.png\",\"width\":960,\"height\":540,\"caption\":\"Green Works\"},\"image\":{\"@id\":\"https:\/\/green-works.nl\/en\/#\/schema\/logo\/image\/\"},\"sameAs\":[\"https:\/\/www.facebook.com\/greenworksinternational\/\"]}]}<\/script>\n<!-- \/ Yoast SEO plugin. -->","yoast_head_json":{"title":"Peony Information - Green Works","description":"Green Works, for all your Paeonia roots. Here you will find all information regarding the Peonies from Green Works. Information relevant to the cultivation of Peonies. Visit our website for more information and our assortment. Buy your Peony roots at Green Works!","robots":{"index":"index","follow":"follow","max-snippet":"max-snippet:-1","max-image-preview":"max-image-preview:large","max-video-preview":"max-video-preview:-1"},"canonical":"https:\/\/green-works.nl\/en\/peony-information\/","og_locale":"en_US","og_type":"article","og_title":"Peony Information - Green Works","og_description":"Green Works, for all your Paeonia roots. Here you will find all information regarding the Peonies from Green Works. Information relevant to the cultivation of Peonies. Visit our website for more information and our assortment. Buy your Peony roots at Green Works!","og_url":"https:\/\/green-works.nl\/en\/peony-information\/","og_site_name":"Green Works","article_publisher":"https:\/\/www.facebook.com\/greenworksinternational\/","article_modified_time":"2024-08-16T14:40:31+00:00","twitter_card":"summary_large_image","twitter_misc":{"Est. reading time":"6 minutes"},"schema":{"@context":"https:\/\/schema.org","@graph":[{"@type":"WebPage","@id":"https:\/\/green-works.nl\/en\/peony-information\/","url":"https:\/\/green-works.nl\/en\/peony-information\/","name":"Peony Information - Green Works","isPartOf":{"@id":"https:\/\/green-works.nl\/en\/#website"},"datePublished":"2023-04-03T19:44:46+00:00","dateModified":"2024-08-16T14:40:31+00:00","description":"Green Works, for all your Paeonia roots. Here you will find all information regarding the Peonies from Green Works. Information relevant to the cultivation of Peonies. Visit our website for more information and our assortment. Buy your Peony roots at Green Works!","breadcrumb":{"@id":"https:\/\/green-works.nl\/en\/peony-information\/#breadcrumb"},"inLanguage":"en-US","potentialAction":[{"@type":"ReadAction","target":["https:\/\/green-works.nl\/en\/peony-information\/"]}]},{"@type":"BreadcrumbList","@id":"https:\/\/green-works.nl\/en\/peony-information\/#breadcrumb","itemListElement":[{"@type":"ListItem","position":1,"name":"Home","item":"https:\/\/green-works.nl\/en\/"},{"@type":"ListItem","position":2,"name":"Peony Information"}]},{"@type":"WebSite","@id":"https:\/\/green-works.nl\/en\/#website","url":"https:\/\/green-works.nl\/en\/","name":"Green Works","description":"Specialist in Young Plants, Paeonia &amp; Ranunculus","publisher":{"@id":"https:\/\/green-works.nl\/en\/#organization"},"potentialAction":[{"@type":"SearchAction","target":{"@type":"EntryPoint","urlTemplate":"https:\/\/green-works.nl\/en\/?s={search_term_string}"},"query-input":"required name=search_term_string"}],"inLanguage":"en-US"},{"@type":"Organization","@id":"https:\/\/green-works.nl\/en\/#organization","name":"Green Works","url":"https:\/\/green-works.nl\/en\/","logo":{"@type":"ImageObject","inLanguage":"en-US","@id":"https:\/\/green-works.nl\/en\/#\/schema\/logo\/image\/","url":"https:\/\/green-works.nl\/wp-content\/uploads\/2023\/01\/GWI_Logo.png","contentUrl":"https:\/\/green-works.nl\/wp-content\/uploads\/2023\/01\/GWI_Logo.png","width":960,"height":540,"caption":"Green Works"},"image":{"@id":"https:\/\/green-works.nl\/en\/#\/schema\/logo\/image\/"},"sameAs":["https:\/\/www.facebook.com\/greenworksinternational\/"]}]}},"_links":{"self":[{"href":"https:\/\/green-works.nl\/en\/wp-json\/wp\/v2\/pages\/9029","targetHints":{"allow":["GET"]}}],"collection":[{"href":"https:\/\/green-works.nl\/en\/wp-json\/wp\/v2\/pages"}],"about":[{"href":"https:\/\/green-works.nl\/en\/wp-json\/wp\/v2\/types\/page"}],"author":[{"embeddable":true,"href":"https:\/\/green-works.nl\/en\/wp-json\/wp\/v2\/users\/1"}],"replies":[{"embeddable":true,"href":"https:\/\/green-works.nl\/en\/wp-json\/wp\/v2\/comments?post=9029"}],"version-history":[{"count":6,"href":"https:\/\/green-works.nl\/en\/wp-json\/wp\/v2\/pages\/9029\/revisions"}],"predecessor-version":[{"id":10304,"href":"https:\/\/green-works.nl\/en\/wp-json\/wp\/v2\/pages\/9029\/revisions\/10304"}],"wp:attachment":[{"href":"https:\/\/green-works.nl\/en\/wp-json\/wp\/v2\/media?parent=9029"}],"curies":[{"name":"wp","href":"https:\/\/api.w.org\/{rel}","templated":true}]}}