{"id":2283,"date":"2023-04-03T20:44:46","date_gmt":"2023-04-03T19:44:46","guid":{"rendered":"http:\/\/136.144.191.27\/?page_id=2283"},"modified":"2025-02-14T12:30:50","modified_gmt":"2025-02-14T11:30:50","slug":"pioenen-informatie","status":"publish","type":"page","link":"https:\/\/green-works.nl\/nl\/pioenen-informatie\/","title":{"rendered":"Pioenen Informatie"},"content":{"rendered":"[vc_row type=&#8221;in_container&#8221; full_screen_row_position=&#8221;middle&#8221; column_margin=&#8221;default&#8221; column_direction=&#8221;default&#8221; column_direction_tablet=&#8221;default&#8221; column_direction_phone=&#8221;default&#8221; bg_image=&#8221;8970&#8243; bg_image_tablet=&#8221;8970&#8243; bg_image_phone=&#8221;8970&#8243; bg_position=&#8221;left top&#8221; background_image_loading=&#8221;default&#8221; bg_repeat=&#8221;no-repeat&#8221; scene_position=&#8221;center&#8221; top_padding=&#8221;7%&#8221; bottom_padding=&#8221;7%&#8221; left_padding_desktop=&#8221;6%&#8221; right_padding_desktop=&#8221;3%&#8221; top_margin=&#8221;10px&#8221; text_color=&#8221;dark&#8221; text_align=&#8221;left&#8221; row_border_radius=&#8221;5px&#8221; row_border_radius_applies=&#8221;bg&#8221; overflow=&#8221;visible&#8221; color_overlay=&#8221;#0a0a0a&#8221; overlay_strength=&#8221;0.3&#8243; gradient_direction=&#8221;left_to_right&#8221; shape_divider_position=&#8221;bottom&#8221; bg_image_animation=&#8221;none&#8221; gradient_type=&#8221;default&#8221; shape_type=&#8221;&#8221;][vc_column column_padding=&#8221;no-extra-padding&#8221; column_padding_tablet=&#8221;inherit&#8221; column_padding_phone=&#8221;inherit&#8221; column_padding_position=&#8221;all&#8221; column_element_direction_desktop=&#8221;default&#8221; column_element_spacing=&#8221;default&#8221; desktop_text_alignment=&#8221;default&#8221; tablet_text_alignment=&#8221;default&#8221; phone_text_alignment=&#8221;default&#8221; background_color_opacity=&#8221;1&#8243; background_hover_color_opacity=&#8221;1&#8243; column_backdrop_filter=&#8221;none&#8221; column_shadow=&#8221;none&#8221; column_border_radius=&#8221;none&#8221; column_link_target=&#8221;_self&#8221; column_position=&#8221;default&#8221; gradient_direction=&#8221;left_to_right&#8221; overlay_strength=&#8221;0.3&#8243; width=&#8221;1\/1&#8243; tablet_width_inherit=&#8221;default&#8221; animation_type=&#8221;default&#8221; bg_image_animation=&#8221;none&#8221; border_type=&#8221;simple&#8221; column_border_width=&#8221;none&#8221; column_border_style=&#8221;solid&#8221;][vc_custom_heading text=&#8221;Pioenen Informatie&#8221; font_container=&#8221;tag:h2|text_align:left|color:%23ffffff&#8221; use_theme_fonts=&#8221;yes&#8221;][\/vc_column][\/vc_row][vc_row type=&#8221;in_container&#8221; full_screen_row_position=&#8221;middle&#8221; column_margin=&#8221;default&#8221; column_direction=&#8221;default&#8221; column_direction_tablet=&#8221;default&#8221; column_direction_phone=&#8221;default&#8221; scene_position=&#8221;center&#8221; text_color=&#8221;dark&#8221; text_align=&#8221;left&#8221; row_border_radius=&#8221;none&#8221; row_border_radius_applies=&#8221;bg&#8221; overflow=&#8221;visible&#8221; overlay_strength=&#8221;0.3&#8243; gradient_direction=&#8221;left_to_right&#8221; shape_divider_position=&#8221;bottom&#8221; bg_image_animation=&#8221;none&#8221;][vc_column column_padding=&#8221;no-extra-padding&#8221; column_padding_tablet=&#8221;inherit&#8221; column_padding_phone=&#8221;inherit&#8221; column_padding_position=&#8221;all&#8221; column_element_direction_desktop=&#8221;default&#8221; column_element_spacing=&#8221;default&#8221; desktop_text_alignment=&#8221;default&#8221; tablet_text_alignment=&#8221;default&#8221; phone_text_alignment=&#8221;default&#8221; background_color_opacity=&#8221;1&#8243; background_hover_color_opacity=&#8221;1&#8243; column_backdrop_filter=&#8221;none&#8221; column_shadow=&#8221;none&#8221; column_border_radius=&#8221;none&#8221; column_link_target=&#8221;_self&#8221; column_position=&#8221;default&#8221; gradient_direction=&#8221;left_to_right&#8221; overlay_strength=&#8221;0.3&#8243; width=&#8221;1\/4&#8243; tablet_width_inherit=&#8221;default&#8221; animation_type=&#8221;default&#8221; bg_image_animation=&#8221;none&#8221; border_type=&#8221;simple&#8221; column_border_width=&#8221;none&#8221; column_border_style=&#8221;solid&#8221;][image_with_animation image_url=&#8221;2835&#8243; image_size=&#8221;full&#8221; animation_type=&#8221;entrance&#8221; animation=&#8221;None&#8221; animation_movement_type=&#8221;transform_y&#8221; hover_animation=&#8221;none&#8221; alignment=&#8221;&#8221; border_radius=&#8221;none&#8221; box_shadow=&#8221;none&#8221; image_loading=&#8221;default&#8221; max_width=&#8221;100%&#8221; max_width_mobile=&#8221;default&#8221;][\/vc_column][vc_column column_padding=&#8221;no-extra-padding&#8221; column_padding_tablet=&#8221;inherit&#8221; column_padding_phone=&#8221;inherit&#8221; column_padding_position=&#8221;all&#8221; column_element_direction_desktop=&#8221;default&#8221; column_element_spacing=&#8221;default&#8221; desktop_text_alignment=&#8221;default&#8221; tablet_text_alignment=&#8221;default&#8221; phone_text_alignment=&#8221;default&#8221; background_color_opacity=&#8221;1&#8243; background_hover_color_opacity=&#8221;1&#8243; column_backdrop_filter=&#8221;none&#8221; column_shadow=&#8221;none&#8221; column_border_radius=&#8221;none&#8221; column_link_target=&#8221;_self&#8221; column_position=&#8221;default&#8221; gradient_direction=&#8221;left_to_right&#8221; overlay_strength=&#8221;0.3&#8243; width=&#8221;1\/2&#8243; tablet_width_inherit=&#8221;default&#8221; animation_type=&#8221;default&#8221; bg_image_animation=&#8221;none&#8221; border_type=&#8221;simple&#8221; column_border_width=&#8221;none&#8221; column_border_style=&#8221;solid&#8221;][vc_column_text]\n<h2><strong>Green Works, specialist op het gebied van pioenen<\/strong><\/h2>\n<p>Green Works is, naast leverancier van jong uitgangsmateriaal voor de professionele teelt, een grote aanbieder van\u00a0<strong>pioenen<\/strong>\u00a0voor de teelt en handel,\u00a0in binnen- en buitenland. De kwaliteit van ons\u00a0<strong>uitgangsmateriaal<\/strong>\u00a0is waar wij ons dagelijks mee onderscheiden. De pioen staat ook wel bekend als pioenroos of Paeonia.<\/p>\n<p>Om zo goed mogelijk plantmateriaal te leveren, voldoen onze planten onder meer aan de volgende\u00a0<strong>voorwaarden<\/strong>:<\/p>\n<ul>\n<li>Soortecht<\/li>\n<li>Vrij van aaltjes<\/li>\n<li>Vrij van wortelonkruiden<\/li>\n<li>Nederlands geteeld en NAKT-gekeurd<\/li>\n<li>Jong en gezond plantmateriaal &#8211; tweejarige teelt<\/li>\n<li>Goed aan de maat: 2-3 ogen (75 stuks per leliekrat) en 3-5 ogen (50 stuks per leliekrat). Dit is een richtlijn en kan verschillen<\/li>\n<li>Voor klanten hebben we professionele fotografie beschikbaar<\/li>\n<\/ul>\n<p>Ons\u00a0<strong>assortiment<\/strong>\u00a0bestaat\u00a0uit de categorie\u00ebn\u00a0<a href=\"\/nl?product_cat=paeonia\" target=\"_blank\" rel=\"noopener noreferrer\">Paeonia<\/a>,\u00a0<a href=\"\/nl?product_cat=paeonia-itoh\" target=\"_blank\" rel=\"noopener noreferrer\">Paeonia itoh<\/a>,\u00a0<a href=\"\/nl?product_cat=patio-peony\" target=\"_blank\" rel=\"noopener noreferrer\">Patio\u00a0Peony<\/a>, <a href=\"https:\/\/green-works.nl\/pioenen\/boompioenen\/\" target=\"_blank\" rel=\"noopener\">Boompioenen<\/a> en <a href=\"\/nl?product_cat=pioencombinaties\" target=\"_blank\" rel=\"noopener noreferrer\">Pioencombinaties<\/a>. Klik op het linkje van iedere categorie voor meer informatie.<\/p>\n<h3><strong>Pioenencatalogus 2025 &#8211; 2026<\/strong><\/h3>\n<p>Bekijk in een oogopslag ons hele pioenenassortiment in onze gloednieuwe Pioenencatalogus:\u00a0<a href=\"https:\/\/green-works.nl\/wp-content\/uploads\/2024\/11\/Pioenen-catalogus-zonder-prijs.pdf\">Pioenencatalogus 2025 &#8211; 2026<\/a><\/p>\n<h3>Paeonia<\/h3>\n<p>Green Works heeft een groot pioenenassortiment. Deze zijn goed te gebruiken voor \u00a0de pot en de snij. Naast het gebruikelijke assortiment bieden we speciale Paeonia aan. De speciale soorten worden geleverd uit eigen teelt, waar geen bloemen van worden\u00a0geoogst.<\/p>\n<p>Ook bieden we ondersteuning bij de verzorging van de pioenen. We sturen een\u00a0<a href=\"https:\/\/green-works.nl\/nl\/nieuws\/pioenennieuwsbrieven\/\" target=\"_blank\" rel=\"noopener noreferrer\">pioenennieuwsbrief<\/a>\u00a0(vaak maandelijks) waarin we het laatste nieuws en handige tips geven. Daarnaast hebben we voor onze klanten allerlei marketingmateriaal ter beschikking. Denk aan hogeresolutiefoto&#8217;s van (bijna) al onze soorten en leaflets.<\/p>\n<p><a href=\"\/nl?product_cat=paeonia\" target=\"_blank\" rel=\"noopener noreferrer\"><strong>Bekijk alle Paeonia<\/strong><\/a><\/p>\n<h3><strong>Paeonia itoh<\/strong><\/h3>\n<p>Itoh-pioenen komen voort uit een kruising tussen de\u00a0<strong>lactiflora\u00a0<\/strong>(de gewone pioen) en de\u00a0<strong>suffruticosa\u00a0<\/strong>(de boompioen). Hierdoor groeit de plant onder de grond als een gewone pioenroos, en is dus makkelijk deelbaar,\u00a0en boven de grond als een boompioen. Dit maakt de\u00a0<strong>ultieme pioenroos<\/strong>\u00a0voor de tuin. E\u00e9n met zeer veel sierwaarde.<\/p>\n<p>Paeonia itoh heeft een <strong>prachtige plantvorm<\/strong>\u00a0en mooie,\u00a0grote, kleurrijke bloemen. Itoh-pioenen die meerdere jaren vaststaan, kunnen vijftig of meer bloemen per plant geven. Dat is niet uitzonderlijk. Ze behouden ook na de bloei hun sierwaarde.<\/p>\n<p><strong><a href=\"\/nl?product_cat=paeonia-itoh\" target=\"_blank\" rel=\"noopener noreferrer\">Bekijk alle Paeonia itoh<\/a><\/strong><\/p>\n<h3><strong>Patio Peony<\/strong><\/h3>\n<p>Deze pioenrozen zijn zeer geschikt voor de pot en speciaal geselecteerd vanwege de compacte groeiwijze en het bloeigemak in de pot en in de tuin. Patio-pioenen hebben zeer stevige stelen en zijn even bloeirijk. Deze pioen is een verrijking voor elke pot en tuin. Deze bloemen vallen op door hun elegante vormen en kleuren. Bekijk ons assortiment aan Patio-pioenen, Pioenen die overigens allemaal naar bekende (wereld)steden zijn vernoemd.<\/p>\n<p><strong><a href=\"\/nl?product_cat=patio-peony\" target=\"_blank\" rel=\"noopener noreferrer\">Bekijk alle Patio-pioenen<\/a><\/strong><\/p>\n<h3><strong>Pioencombinaties<\/strong><\/h3>\n<p>Green Works heeft verschillende unieke Paeonia-combinaties samengesteld die specifiek zijn geselecteerd voor de\u00a0<strong>export<\/strong>(handel),\u00a0<strong>droog-\u00a0<\/strong>en\u00a0<strong>postorderverkoop<\/strong>. Door deze\u00a0<strong>unieke combinaties<\/strong> kunt u zich onderscheiden en positioneren op de pioenenmarkt. Deze soorten zijn voorzien van een pakkende naam en worden daarnaast ondersteund met passend fotomateriaal. Zo kunt u deze combinaties goed in de markt zetten!<\/p>\n<p><strong><a href=\"\/nl?product_cat=pioencombinaties\" target=\"_blank\" rel=\"noopener noreferrer\">Bekijk alle Paeoniacombinaties<\/a><\/strong><\/p>\n<h3>Pioenen in alle talen<\/h3>\n<p>Zo worden Pioenen in andere landen genoemd:<\/p>\n<p><strong>Amerika:<\/strong>\u00a0peony, buy peony, peonies, growing peonies, planting peonies;\u00a0<strong>Polen:\u00a0<\/strong>Piwonie, kupi\u0107 piwoni\u0119, uprawa piwonii, sadzenie piwonii;\u00a0<strong>Itali\u00eb:<\/strong>\u00a0Peonia, acquistare la peonia, coltivare le peonie, piantare le peonie;\u00a0<strong>UK:<\/strong>\u00a0peony, buy peony, peonies, growing peonies, planting peonies;\u00a0<strong>Canada:<\/strong>\u00a0peony, buy peony, peonies, growing peonies, planting peonies;\u00a0<strong>Frankrijk:<\/strong>\u00a0Pivoine, acheter une pivoine, culture de pivoines, plantation de pivoines;\u00a0<strong>Duitsland:<\/strong>\u00a0Pfingstrose, Pfingstrose kaufen, Pfingstrosen anbauen, Pfingstrosen pflanzen;\u00a0<strong>Zuid-Korea:<\/strong>\u00a0\ubaa8\ub780, \ubaa8\ub780\uc744 \uc0ac\ub2e4, \ubaa8\ub780 \uc7ac\ubc30, \ubaa8\ub780 \uc2ec\uae30;\u00a0<strong>Finland:<\/strong>\u00a0Pioni, ostaa pioni, pionien kasvattaminen, istutus pionit;\u00a0<strong>Zweden:\u00a0<\/strong>Pioner, k\u00f6pa pion, odling av pioner, plantering av pioner;\u00a0<strong>Kazachstan:\u00a0<\/strong>\u043f\u0438\u043e\u043d, \u043f\u0438\u043e\u043d \u0441\u0430\u0442\u044b\u043f \u0430\u043b\u044b\u04a3\u044b\u0437, \u043f\u0438\u043e\u043d\u0434\u0430\u0440, \u043f\u0438\u043e\u043d\u0434\u0430\u0440\u0434\u044b \u04e9\u0441\u0456\u0440\u0443, \u043f\u0438\u043e\u043d\u0434\u0430\u0440\u0434\u044b \u043e\u0442\u044b\u0440\u0493\u044b\u0437\u0443,\u00a0p\u00efon, p\u00efondar, p\u00efondard\u0131 \u00f6sirw, p\u00efondard\u0131 ot\u0131r\u011f\u0131zw<\/p>\n<h2>Contact<\/h2>\n<p><strong>Verkoop en teeltbegeleiding<\/strong><\/p>\n<p>Wilt u meer weten over onze pioenen? Neem contact met ons op en we informeren u graag!<\/p>\n<p><strong>Ed Kleijbeuker<\/strong><br \/>\nM:\u00a0<a href=\"tel:+31624946405\">+31 (0)6 24 94 64 05<\/a><br \/>\nE:\u00a0<a href=\"mailto:Ed@green-works.nl\">ed@green-works.nl<\/a>[\/vc_column_text][\/vc_column][vc_column column_padding=&#8221;no-extra-padding&#8221; column_padding_tablet=&#8221;inherit&#8221; column_padding_phone=&#8221;inherit&#8221; column_padding_position=&#8221;all&#8221; column_element_direction_desktop=&#8221;default&#8221; column_element_spacing=&#8221;default&#8221; desktop_text_alignment=&#8221;default&#8221; tablet_text_alignment=&#8221;default&#8221; phone_text_alignment=&#8221;default&#8221; background_color_opacity=&#8221;1&#8243; background_hover_color_opacity=&#8221;1&#8243; column_backdrop_filter=&#8221;none&#8221; column_shadow=&#8221;none&#8221; column_border_radius=&#8221;none&#8221; column_link_target=&#8221;_self&#8221; column_position=&#8221;default&#8221; gradient_direction=&#8221;left_to_right&#8221; overlay_strength=&#8221;0.3&#8243; width=&#8221;1\/4&#8243; tablet_width_inherit=&#8221;default&#8221; animation_type=&#8221;default&#8221; bg_image_animation=&#8221;none&#8221; border_type=&#8221;simple&#8221; column_border_width=&#8221;none&#8221; column_border_style=&#8221;solid&#8221;][image_with_animation image_url=&#8221;2442&#8243; image_size=&#8221;full&#8221; animation_type=&#8221;entrance&#8221; animation=&#8221;None&#8221; animation_movement_type=&#8221;transform_y&#8221; hover_animation=&#8221;none&#8221; alignment=&#8221;right&#8221; border_radius=&#8221;none&#8221; box_shadow=&#8221;none&#8221; image_loading=&#8221;default&#8221; max_width=&#8221;100%&#8221; max_width_mobile=&#8221;default&#8221; margin_top=&#8221;600&#8243;][\/vc_column][\/vc_row]\n","protected":false},"excerpt":{"rendered":"<p>[vc_row type=&#8221;in_container&#8221; full_screen_row_position=&#8221;middle&#8221; column_margin=&#8221;default&#8221; column_direction=&#8221;default&#8221; column_direction_tablet=&#8221;default&#8221; column_direction_phone=&#8221;default&#8221; bg_image=&#8221;8970&#8243; bg_image_tablet=&#8221;8970&#8243; bg_image_phone=&#8221;8970&#8243; bg_position=&#8221;left top&#8221; background_image_loading=&#8221;default&#8221; bg_repeat=&#8221;no-repeat&#8221; scene_position=&#8221;center&#8221; top_padding=&#8221;7%&#8221; bottom_padding=&#8221;7%&#8221; left_padding_desktop=&#8221;6%&#8221; right_padding_desktop=&#8221;3%&#8221; top_margin=&#8221;10px&#8221; text_color=&#8221;dark&#8221; text_align=&#8221;left&#8221; row_border_radius=&#8221;5px&#8221; row_border_radius_applies=&#8221;bg&#8221; overflow=&#8221;visible&#8221; color_overlay=&#8221;#0a0a0a&#8221; overlay_strength=&#8221;0.3&#8243; gradient_direction=&#8221;left_to_right&#8221; shape_divider_position=&#8221;bottom&#8221; bg_image_animation=&#8221;none&#8221;&#8230;<\/p>\n","protected":false},"author":1,"featured_media":0,"parent":0,"menu_order":0,"comment_status":"closed","ping_status":"closed","template":"","meta":{"footnotes":""},"class_list":["post-2283","page","type-page","status-publish"],"yoast_head":"<!-- This site is optimized with the Yoast SEO plugin v23.0 - https:\/\/yoast.com\/wordpress\/plugins\/seo\/ -->\n<title>Pioenen Informatie - Green Works<\/title>\n<meta name=\"description\" content=\"Hier vindt u alle informatie over de Pioenen van Green Works. Informatie die relevant is voor de teelt van Pioenen. Kijk op onze website voor meer informatie en ons assortiment.\" \/>\n<meta name=\"robots\" content=\"index, follow, max-snippet:-1, max-image-preview:large, max-video-preview:-1\" \/>\n<link rel=\"canonical\" href=\"https:\/\/green-works.nl\/nl\/pioenen-informatie\/\" \/>\n<meta property=\"og:locale\" content=\"nl_NL\" \/>\n<meta property=\"og:type\" content=\"article\" \/>\n<meta property=\"og:title\" content=\"Pioenen Informatie - Green Works\" \/>\n<meta property=\"og:description\" content=\"Hier vindt u alle informatie over de Pioenen van Green Works. Informatie die relevant is voor de teelt van Pioenen. Kijk op onze website voor meer informatie en ons assortiment.\" \/>\n<meta property=\"og:url\" content=\"https:\/\/green-works.nl\/nl\/pioenen-informatie\/\" \/>\n<meta property=\"og:site_name\" content=\"Green Works\" \/>\n<meta property=\"article:publisher\" content=\"https:\/\/www.facebook.com\/greenworksinternational\/\" \/>\n<meta property=\"article:modified_time\" content=\"2025-02-14T11:30:50+00:00\" \/>\n<meta name=\"twitter:card\" content=\"summary_large_image\" \/>\n<meta name=\"twitter:label1\" content=\"Geschatte leestijd\" \/>\n\t<meta name=\"twitter:data1\" content=\"5 minuten\" \/>\n<script type=\"application\/ld+json\" class=\"yoast-schema-graph\">{\"@context\":\"https:\/\/schema.org\",\"@graph\":[{\"@type\":\"WebPage\",\"@id\":\"https:\/\/green-works.nl\/nl\/pioenen-informatie\/\",\"url\":\"https:\/\/green-works.nl\/nl\/pioenen-informatie\/\",\"name\":\"Pioenen Informatie - Green Works\",\"isPartOf\":{\"@id\":\"https:\/\/green-works.nl\/nl\/#website\"},\"datePublished\":\"2023-04-03T19:44:46+00:00\",\"dateModified\":\"2025-02-14T11:30:50+00:00\",\"description\":\"Hier vindt u alle informatie over de Pioenen van Green Works. Informatie die relevant is voor de teelt van Pioenen. Kijk op onze website voor meer informatie en ons assortiment.\",\"breadcrumb\":{\"@id\":\"https:\/\/green-works.nl\/nl\/pioenen-informatie\/#breadcrumb\"},\"inLanguage\":\"nl-NL\",\"potentialAction\":[{\"@type\":\"ReadAction\",\"target\":[\"https:\/\/green-works.nl\/nl\/pioenen-informatie\/\"]}]},{\"@type\":\"BreadcrumbList\",\"@id\":\"https:\/\/green-works.nl\/nl\/pioenen-informatie\/#breadcrumb\",\"itemListElement\":[{\"@type\":\"ListItem\",\"position\":1,\"name\":\"Home\",\"item\":\"https:\/\/green-works.nl\/nl\/\"},{\"@type\":\"ListItem\",\"position\":2,\"name\":\"Pioenen Informatie\"}]},{\"@type\":\"WebSite\",\"@id\":\"https:\/\/green-works.nl\/nl\/#website\",\"url\":\"https:\/\/green-works.nl\/nl\/\",\"name\":\"Green Works\",\"description\":\"Specialist in Young Plants, Paeonia &amp; Ranunculus\",\"publisher\":{\"@id\":\"https:\/\/green-works.nl\/nl\/#organization\"},\"potentialAction\":[{\"@type\":\"SearchAction\",\"target\":{\"@type\":\"EntryPoint\",\"urlTemplate\":\"https:\/\/green-works.nl\/nl\/?s={search_term_string}\"},\"query-input\":\"required name=search_term_string\"}],\"inLanguage\":\"nl-NL\"},{\"@type\":\"Organization\",\"@id\":\"https:\/\/green-works.nl\/nl\/#organization\",\"name\":\"Green Works\",\"url\":\"https:\/\/green-works.nl\/nl\/\",\"logo\":{\"@type\":\"ImageObject\",\"inLanguage\":\"nl-NL\",\"@id\":\"https:\/\/green-works.nl\/nl\/#\/schema\/logo\/image\/\",\"url\":\"https:\/\/green-works.nl\/wp-content\/uploads\/2023\/01\/GWI_Logo.png\",\"contentUrl\":\"https:\/\/green-works.nl\/wp-content\/uploads\/2023\/01\/GWI_Logo.png\",\"width\":960,\"height\":540,\"caption\":\"Green Works\"},\"image\":{\"@id\":\"https:\/\/green-works.nl\/nl\/#\/schema\/logo\/image\/\"},\"sameAs\":[\"https:\/\/www.facebook.com\/greenworksinternational\/\"]}]}<\/script>\n<!-- \/ Yoast SEO plugin. -->","yoast_head_json":{"title":"Pioenen Informatie - Green Works","description":"Hier vindt u alle informatie over de Pioenen van Green Works. Informatie die relevant is voor de teelt van Pioenen. Kijk op onze website voor meer informatie en ons assortiment.","robots":{"index":"index","follow":"follow","max-snippet":"max-snippet:-1","max-image-preview":"max-image-preview:large","max-video-preview":"max-video-preview:-1"},"canonical":"https:\/\/green-works.nl\/nl\/pioenen-informatie\/","og_locale":"nl_NL","og_type":"article","og_title":"Pioenen Informatie - Green Works","og_description":"Hier vindt u alle informatie over de Pioenen van Green Works. Informatie die relevant is voor de teelt van Pioenen. Kijk op onze website voor meer informatie en ons assortiment.","og_url":"https:\/\/green-works.nl\/nl\/pioenen-informatie\/","og_site_name":"Green Works","article_publisher":"https:\/\/www.facebook.com\/greenworksinternational\/","article_modified_time":"2025-02-14T11:30:50+00:00","twitter_card":"summary_large_image","twitter_misc":{"Geschatte leestijd":"5 minuten"},"schema":{"@context":"https:\/\/schema.org","@graph":[{"@type":"WebPage","@id":"https:\/\/green-works.nl\/nl\/pioenen-informatie\/","url":"https:\/\/green-works.nl\/nl\/pioenen-informatie\/","name":"Pioenen Informatie - Green Works","isPartOf":{"@id":"https:\/\/green-works.nl\/nl\/#website"},"datePublished":"2023-04-03T19:44:46+00:00","dateModified":"2025-02-14T11:30:50+00:00","description":"Hier vindt u alle informatie over de Pioenen van Green Works. Informatie die relevant is voor de teelt van Pioenen. Kijk op onze website voor meer informatie en ons assortiment.","breadcrumb":{"@id":"https:\/\/green-works.nl\/nl\/pioenen-informatie\/#breadcrumb"},"inLanguage":"nl-NL","potentialAction":[{"@type":"ReadAction","target":["https:\/\/green-works.nl\/nl\/pioenen-informatie\/"]}]},{"@type":"BreadcrumbList","@id":"https:\/\/green-works.nl\/nl\/pioenen-informatie\/#breadcrumb","itemListElement":[{"@type":"ListItem","position":1,"name":"Home","item":"https:\/\/green-works.nl\/nl\/"},{"@type":"ListItem","position":2,"name":"Pioenen Informatie"}]},{"@type":"WebSite","@id":"https:\/\/green-works.nl\/nl\/#website","url":"https:\/\/green-works.nl\/nl\/","name":"Green Works","description":"Specialist in Young Plants, Paeonia &amp; Ranunculus","publisher":{"@id":"https:\/\/green-works.nl\/nl\/#organization"},"potentialAction":[{"@type":"SearchAction","target":{"@type":"EntryPoint","urlTemplate":"https:\/\/green-works.nl\/nl\/?s={search_term_string}"},"query-input":"required name=search_term_string"}],"inLanguage":"nl-NL"},{"@type":"Organization","@id":"https:\/\/green-works.nl\/nl\/#organization","name":"Green Works","url":"https:\/\/green-works.nl\/nl\/","logo":{"@type":"ImageObject","inLanguage":"nl-NL","@id":"https:\/\/green-works.nl\/nl\/#\/schema\/logo\/image\/","url":"https:\/\/green-works.nl\/wp-content\/uploads\/2023\/01\/GWI_Logo.png","contentUrl":"https:\/\/green-works.nl\/wp-content\/uploads\/2023\/01\/GWI_Logo.png","width":960,"height":540,"caption":"Green Works"},"image":{"@id":"https:\/\/green-works.nl\/nl\/#\/schema\/logo\/image\/"},"sameAs":["https:\/\/www.facebook.com\/greenworksinternational\/"]}]}},"_links":{"self":[{"href":"https:\/\/green-works.nl\/nl\/wp-json\/wp\/v2\/pages\/2283","targetHints":{"allow":["GET"]}}],"collection":[{"href":"https:\/\/green-works.nl\/nl\/wp-json\/wp\/v2\/pages"}],"about":[{"href":"https:\/\/green-works.nl\/nl\/wp-json\/wp\/v2\/types\/page"}],"author":[{"embeddable":true,"href":"https:\/\/green-works.nl\/nl\/wp-json\/wp\/v2\/users\/1"}],"replies":[{"embeddable":true,"href":"https:\/\/green-works.nl\/nl\/wp-json\/wp\/v2\/comments?post=2283"}],"version-history":[{"count":7,"href":"https:\/\/green-works.nl\/nl\/wp-json\/wp\/v2\/pages\/2283\/revisions"}],"predecessor-version":[{"id":11030,"href":"https:\/\/green-works.nl\/nl\/wp-json\/wp\/v2\/pages\/2283\/revisions\/11030"}],"wp:attachment":[{"href":"https:\/\/green-works.nl\/nl\/wp-json\/wp\/v2\/media?parent=2283"}],"curies":[{"name":"wp","href":"https:\/\/api.w.org\/{rel}","templated":true}]}}