{"id":10692,"date":"2023-08-10T13:26:29","date_gmt":"2023-08-10T12:26:29","guid":{"rendered":"https:\/\/green-works.nl\/niet-gecategoriseerd\/goldilocks-mid\/"},"modified":"2023-08-10T13:26:29","modified_gmt":"2023-08-10T12:26:29","slug":"goldilocks-mid","status":"publish","type":"product","link":"https:\/\/green-works.nl\/nl\/pioenen\/paeonia\/goldilocks-mid\/","title":{"rendered":"Goldilocks (Mid.)"},"content":{"rendered":"","protected":false},"excerpt":{"rendered":"<div class=\"row table-data\">\n<div class=\"small-5 columns\">Jaar van introductie: 1975<\/div>\n<\/div>\n<div class=\"row table-data\">\n<div class=\"small-5 columns\">Bloeitijd: Mid.<\/div>\n<\/div>\n<div class=\"row table-data\">\n<div class=\"small-5 columns\">Bloemtype: Dubbel<\/div>\n<\/div>\n<div class=\"row table-data\">\n<div class=\"small-5 columns\">Hoogte: 65 cm<\/div>\n<\/div>\n<div class=\"row table-data\">\n<div class=\"small-5 columns\">Kleur: Lichtgeel<\/div>\n<\/div>\n<div class=\"row table-data\">\n<div class=\"small-5 columns\">Categorie: Lactiflora<\/div>\n<\/div>\n<div class=\"row\">\n<div class=\"small-12 columns\">\n<p>De prachtige pioen Goldilocks is een prachtige vari\u00ebteit met mooie lichtgele bloemen. Deze prachtige dubbele bloemen worden gedragen door stevige stelen. Deze vari\u00ebteit heeft ook een lichte geur. Een geweldige vari\u00ebteit die echt opvalt.   <\/p>\n<p><strong>Verkoop- en teeltondersteuning<\/strong><\/p>\n<p>Wil je meer weten over de pioen Goldilocks of een van onze andere pioenen? Neem gerust contact met ons op en we zullen je zo goed mogelijk informeren.<\/p>\n<p><strong>Ed Kleijbeuker<\/strong><br \/>\nM: <a href=\"tel:+31624946405\">+31 (0)6 24 94 64 05<\/a><br \/>\nE: <a href=\"mailto:Ed@green-works.nl\">ed@green-works.nl<\/a><\/p>\n<\/div>\n<\/div>\n","protected":false},"featured_media":4470,"template":"","meta":[],"product_cat":[23],"product_tag":[],"class_list":{"0":"post-10692","1":"product","2":"type-product","3":"status-publish","4":"has-post-thumbnail","6":"product_cat-paeonia","8":"first","9":"instock","10":"shipping-taxable","11":"product-type-simple"},"yoast_head":"<!-- This site is optimized with the Yoast SEO plugin v23.0 - https:\/\/yoast.com\/wordpress\/plugins\/seo\/ -->\n<title>Pioen Goldilocks (Mid.) - Green Works - Specialist in pioenen<\/title>\n<meta name=\"description\" content=\"De mooiste en meest unieke pioenen zoals deze Paeonia Goldilocks vind je bij Green Works. Bekijk ons pioenenassortiment vol prachtige pioenen!\" \/>\n<meta name=\"robots\" content=\"index, follow, max-snippet:-1, max-image-preview:large, max-video-preview:-1\" \/>\n<link rel=\"canonical\" href=\"https:\/\/green-works.nl\/nl\/pioenen\/paeonia\/goldilocks-mid\/\" \/>\n<meta property=\"og:locale\" content=\"nl_NL\" \/>\n<meta property=\"og:type\" content=\"article\" \/>\n<meta property=\"og:title\" content=\"Pioen Goldilocks (Mid.) - Green Works - Specialist in pioenen\" \/>\n<meta property=\"og:description\" content=\"De mooiste en meest unieke pioenen zoals deze Paeonia Goldilocks vind je bij Green Works. Bekijk ons pioenenassortiment vol prachtige pioenen!\" \/>\n<meta property=\"og:url\" content=\"https:\/\/green-works.nl\/nl\/pioenen\/paeonia\/goldilocks-mid\/\" \/>\n<meta property=\"og:site_name\" content=\"Green Works\" \/>\n<meta property=\"article:publisher\" content=\"https:\/\/www.facebook.com\/greenworksinternational\/\" \/>\n<meta property=\"og:image\" content=\"https:\/\/green-works.nl\/wp-content\/uploads\/2023\/06\/Goldilocks-min.jpg\" \/>\n\t<meta property=\"og:image:width\" content=\"736\" \/>\n\t<meta property=\"og:image:height\" content=\"960\" \/>\n\t<meta property=\"og:image:type\" content=\"image\/jpeg\" \/>\n<meta name=\"twitter:card\" content=\"summary_large_image\" \/>\n<script type=\"application\/ld+json\" class=\"yoast-schema-graph\">{\"@context\":\"https:\/\/schema.org\",\"@graph\":[{\"@type\":\"WebPage\",\"@id\":\"https:\/\/green-works.nl\/nl\/pioenen\/paeonia\/goldilocks-mid\/\",\"url\":\"https:\/\/green-works.nl\/nl\/pioenen\/paeonia\/goldilocks-mid\/\",\"name\":\"Pioen Goldilocks (Mid.) - Green Works - Specialist in pioenen\",\"isPartOf\":{\"@id\":\"https:\/\/green-works.nl\/nl\/#website\"},\"primaryImageOfPage\":{\"@id\":\"https:\/\/green-works.nl\/nl\/pioenen\/paeonia\/goldilocks-mid\/#primaryimage\"},\"image\":{\"@id\":\"https:\/\/green-works.nl\/nl\/pioenen\/paeonia\/goldilocks-mid\/#primaryimage\"},\"thumbnailUrl\":\"https:\/\/green-works.nl\/wp-content\/uploads\/2023\/06\/Goldilocks-min.jpg\",\"datePublished\":\"2023-08-10T12:26:29+00:00\",\"dateModified\":\"2023-08-10T12:26:29+00:00\",\"description\":\"De mooiste en meest unieke pioenen zoals deze Paeonia Goldilocks vind je bij Green Works. Bekijk ons pioenenassortiment vol prachtige pioenen!\",\"breadcrumb\":{\"@id\":\"https:\/\/green-works.nl\/nl\/pioenen\/paeonia\/goldilocks-mid\/#breadcrumb\"},\"inLanguage\":\"nl-NL\",\"potentialAction\":[{\"@type\":\"ReadAction\",\"target\":[\"https:\/\/green-works.nl\/nl\/pioenen\/paeonia\/goldilocks-mid\/\"]}]},{\"@type\":\"ImageObject\",\"inLanguage\":\"nl-NL\",\"@id\":\"https:\/\/green-works.nl\/nl\/pioenen\/paeonia\/goldilocks-mid\/#primaryimage\",\"url\":\"https:\/\/green-works.nl\/wp-content\/uploads\/2023\/06\/Goldilocks-min.jpg\",\"contentUrl\":\"https:\/\/green-works.nl\/wp-content\/uploads\/2023\/06\/Goldilocks-min.jpg\",\"width\":736,\"height\":960},{\"@type\":\"BreadcrumbList\",\"@id\":\"https:\/\/green-works.nl\/nl\/pioenen\/paeonia\/goldilocks-mid\/#breadcrumb\",\"itemListElement\":[{\"@type\":\"ListItem\",\"position\":1,\"name\":\"Home\",\"item\":\"https:\/\/green-works.nl\/nl\/\"},{\"@type\":\"ListItem\",\"position\":2,\"name\":\"Winkel\",\"item\":\"https:\/\/green-works.nl\/nl\/winkel\/\"},{\"@type\":\"ListItem\",\"position\":3,\"name\":\"Goldilocks (Mid.)\"}]},{\"@type\":\"WebSite\",\"@id\":\"https:\/\/green-works.nl\/nl\/#website\",\"url\":\"https:\/\/green-works.nl\/nl\/\",\"name\":\"Green Works\",\"description\":\"Specialist in Young Plants, Paeonia &amp; Ranunculus\",\"publisher\":{\"@id\":\"https:\/\/green-works.nl\/nl\/#organization\"},\"potentialAction\":[{\"@type\":\"SearchAction\",\"target\":{\"@type\":\"EntryPoint\",\"urlTemplate\":\"https:\/\/green-works.nl\/nl\/?s={search_term_string}\"},\"query-input\":\"required name=search_term_string\"}],\"inLanguage\":\"nl-NL\"},{\"@type\":\"Organization\",\"@id\":\"https:\/\/green-works.nl\/nl\/#organization\",\"name\":\"Green Works\",\"url\":\"https:\/\/green-works.nl\/nl\/\",\"logo\":{\"@type\":\"ImageObject\",\"inLanguage\":\"nl-NL\",\"@id\":\"https:\/\/green-works.nl\/nl\/#\/schema\/logo\/image\/\",\"url\":\"https:\/\/green-works.nl\/wp-content\/uploads\/2023\/01\/GWI_Logo.png\",\"contentUrl\":\"https:\/\/green-works.nl\/wp-content\/uploads\/2023\/01\/GWI_Logo.png\",\"width\":960,\"height\":540,\"caption\":\"Green Works\"},\"image\":{\"@id\":\"https:\/\/green-works.nl\/nl\/#\/schema\/logo\/image\/\"},\"sameAs\":[\"https:\/\/www.facebook.com\/greenworksinternational\/\"]}]}<\/script>\n<!-- \/ Yoast SEO plugin. -->","yoast_head_json":{"title":"Pioen Goldilocks (Mid.) - Green Works - Specialist in pioenen","description":"De mooiste en meest unieke pioenen zoals deze Paeonia Goldilocks vind je bij Green Works. Bekijk ons pioenenassortiment vol prachtige pioenen!","robots":{"index":"index","follow":"follow","max-snippet":"max-snippet:-1","max-image-preview":"max-image-preview:large","max-video-preview":"max-video-preview:-1"},"canonical":"https:\/\/green-works.nl\/nl\/pioenen\/paeonia\/goldilocks-mid\/","og_locale":"nl_NL","og_type":"article","og_title":"Pioen Goldilocks (Mid.) - Green Works - Specialist in pioenen","og_description":"De mooiste en meest unieke pioenen zoals deze Paeonia Goldilocks vind je bij Green Works. Bekijk ons pioenenassortiment vol prachtige pioenen!","og_url":"https:\/\/green-works.nl\/nl\/pioenen\/paeonia\/goldilocks-mid\/","og_site_name":"Green Works","article_publisher":"https:\/\/www.facebook.com\/greenworksinternational\/","og_image":[{"width":736,"height":960,"url":"https:\/\/green-works.nl\/wp-content\/uploads\/2023\/06\/Goldilocks-min.jpg","type":"image\/jpeg"}],"twitter_card":"summary_large_image","schema":{"@context":"https:\/\/schema.org","@graph":[{"@type":"WebPage","@id":"https:\/\/green-works.nl\/nl\/pioenen\/paeonia\/goldilocks-mid\/","url":"https:\/\/green-works.nl\/nl\/pioenen\/paeonia\/goldilocks-mid\/","name":"Pioen Goldilocks (Mid.) - Green Works - Specialist in pioenen","isPartOf":{"@id":"https:\/\/green-works.nl\/nl\/#website"},"primaryImageOfPage":{"@id":"https:\/\/green-works.nl\/nl\/pioenen\/paeonia\/goldilocks-mid\/#primaryimage"},"image":{"@id":"https:\/\/green-works.nl\/nl\/pioenen\/paeonia\/goldilocks-mid\/#primaryimage"},"thumbnailUrl":"https:\/\/green-works.nl\/wp-content\/uploads\/2023\/06\/Goldilocks-min.jpg","datePublished":"2023-08-10T12:26:29+00:00","dateModified":"2023-08-10T12:26:29+00:00","description":"De mooiste en meest unieke pioenen zoals deze Paeonia Goldilocks vind je bij Green Works. Bekijk ons pioenenassortiment vol prachtige pioenen!","breadcrumb":{"@id":"https:\/\/green-works.nl\/nl\/pioenen\/paeonia\/goldilocks-mid\/#breadcrumb"},"inLanguage":"nl-NL","potentialAction":[{"@type":"ReadAction","target":["https:\/\/green-works.nl\/nl\/pioenen\/paeonia\/goldilocks-mid\/"]}]},{"@type":"ImageObject","inLanguage":"nl-NL","@id":"https:\/\/green-works.nl\/nl\/pioenen\/paeonia\/goldilocks-mid\/#primaryimage","url":"https:\/\/green-works.nl\/wp-content\/uploads\/2023\/06\/Goldilocks-min.jpg","contentUrl":"https:\/\/green-works.nl\/wp-content\/uploads\/2023\/06\/Goldilocks-min.jpg","width":736,"height":960},{"@type":"BreadcrumbList","@id":"https:\/\/green-works.nl\/nl\/pioenen\/paeonia\/goldilocks-mid\/#breadcrumb","itemListElement":[{"@type":"ListItem","position":1,"name":"Home","item":"https:\/\/green-works.nl\/nl\/"},{"@type":"ListItem","position":2,"name":"Winkel","item":"https:\/\/green-works.nl\/nl\/winkel\/"},{"@type":"ListItem","position":3,"name":"Goldilocks (Mid.)"}]},{"@type":"WebSite","@id":"https:\/\/green-works.nl\/nl\/#website","url":"https:\/\/green-works.nl\/nl\/","name":"Green Works","description":"Specialist in Young Plants, Paeonia &amp; Ranunculus","publisher":{"@id":"https:\/\/green-works.nl\/nl\/#organization"},"potentialAction":[{"@type":"SearchAction","target":{"@type":"EntryPoint","urlTemplate":"https:\/\/green-works.nl\/nl\/?s={search_term_string}"},"query-input":"required name=search_term_string"}],"inLanguage":"nl-NL"},{"@type":"Organization","@id":"https:\/\/green-works.nl\/nl\/#organization","name":"Green Works","url":"https:\/\/green-works.nl\/nl\/","logo":{"@type":"ImageObject","inLanguage":"nl-NL","@id":"https:\/\/green-works.nl\/nl\/#\/schema\/logo\/image\/","url":"https:\/\/green-works.nl\/wp-content\/uploads\/2023\/01\/GWI_Logo.png","contentUrl":"https:\/\/green-works.nl\/wp-content\/uploads\/2023\/01\/GWI_Logo.png","width":960,"height":540,"caption":"Green Works"},"image":{"@id":"https:\/\/green-works.nl\/nl\/#\/schema\/logo\/image\/"},"sameAs":["https:\/\/www.facebook.com\/greenworksinternational\/"]}]}},"_links":{"self":[{"href":"https:\/\/green-works.nl\/nl\/wp-json\/wp\/v2\/product\/10692","targetHints":{"allow":["GET"]}}],"collection":[{"href":"https:\/\/green-works.nl\/nl\/wp-json\/wp\/v2\/product"}],"about":[{"href":"https:\/\/green-works.nl\/nl\/wp-json\/wp\/v2\/types\/product"}],"wp:featuredmedia":[{"embeddable":true,"href":"https:\/\/green-works.nl\/nl\/wp-json\/wp\/v2\/media\/4470"}],"wp:attachment":[{"href":"https:\/\/green-works.nl\/nl\/wp-json\/wp\/v2\/media?parent=10692"}],"wp:term":[{"taxonomy":"product_cat","embeddable":true,"href":"https:\/\/green-works.nl\/nl\/wp-json\/wp\/v2\/product_cat?post=10692"},{"taxonomy":"product_tag","embeddable":true,"href":"https:\/\/green-works.nl\/nl\/wp-json\/wp\/v2\/product_tag?post=10692"}],"curies":[{"name":"wp","href":"https:\/\/api.w.org\/{rel}","templated":true}]}}