{"id":8792,"date":"2023-08-10T14:36:00","date_gmt":"2023-08-10T13:36:00","guid":{"rendered":"http:\/\/136.144.191.27\/?post_type=product&#038;p=8792"},"modified":"2023-12-21T13:47:33","modified_gmt":"2023-12-21T12:47:33","slug":"pioen-early-sensation","status":"publish","type":"product","link":"https:\/\/green-works.nl\/nl\/snijbloemen\/paeonia-2\/pioen-early-sensation\/","title":{"rendered":"Early Sensation (Vroeg)"},"content":{"rendered":"","protected":false},"excerpt":{"rendered":"<div class=\"row table-data\">\n<div class=\"small-5 columns\">Introductiejaar: 1988<\/div>\n<\/div>\n<div class=\"row table-data\">\n<div class=\"small-5 columns\">Bloeiperiode: Vroeg<\/div>\n<\/div>\n<div class=\"row table-data\">\n<div class=\"small-5 columns\">Bloemtype: Half dubbel<\/div>\n<\/div>\n<div class=\"row table-data\">\n<div class=\"small-5 columns\">Hoogte: 90 cm<\/div>\n<\/div>\n<div class=\"row table-data\">\n<div class=\"small-5 columns\">Kleur: Cr\u00e8megeel<\/div>\n<\/div>\n<div class=\"row table-data\">\n<div class=\"small-5 columns\">Klasse: Hybride<\/div>\n<\/div>\n<div class=\"row\">\n<div class=\"small-12 columns\">\n<p>De prachtige Pioen Early Sensation is een heel erg mooi vroegbloeiend soort. Met schitterende half dubbele bloemen die een mooie cr\u00e8megele kleur hebben. Dit soort produceert veel bloemen en Early Sensation is \u00e9\u00e9n van de eerste Pioenen om te snijden.<\/p>\n<p><strong>Verkoop en teeltbegeleiding<\/strong><\/p>\n<p>Wilt u meer weten over de Pioen\u00a0Early Sensation of een van onze andere Pioenen?\u00a0Neem vrijblijvend contact met ons op en we helpen u graag.<\/p>\n<p><strong>Ed Kleijbeuker<\/strong><br \/>\nM:\u00a0<a href=\"tel:+31624946405\">+31 (0)6 24 94 64 05<\/a><br \/>\nE:\u00a0<a href=\"mailto:Ed@green-works.nl\">ed@green-works.nl<\/a><\/p>\n<\/div>\n<\/div>\n","protected":false},"featured_media":9662,"template":"","meta":[],"product_cat":[59],"product_tag":[],"class_list":{"0":"post-8792","1":"product","2":"type-product","3":"status-publish","4":"has-post-thumbnail","6":"product_cat-paeonia-2","8":"first","9":"instock","10":"shipping-taxable","11":"product-type-simple"},"yoast_head":"<!-- This site is optimized with the Yoast SEO plugin v23.0 - https:\/\/yoast.com\/wordpress\/plugins\/seo\/ -->\n<title>Pioen Early Sensation (Vroeg) - Green Works - Specialist in Pioenen<\/title>\n<meta name=\"description\" content=\"U vindt de mooiste en meest unieke Pioenen zoals deze Paeonia Early Sensation bij Green Works. Bekijk ons volledige assortiment van prachtige Pioenen!\" \/>\n<meta name=\"robots\" content=\"index, follow, max-snippet:-1, max-image-preview:large, max-video-preview:-1\" \/>\n<link rel=\"canonical\" href=\"https:\/\/green-works.nl\/nl\/snijbloemen\/paeonia-2\/pioen-early-sensation\/\" \/>\n<meta property=\"og:locale\" content=\"nl_NL\" \/>\n<meta property=\"og:type\" content=\"article\" \/>\n<meta property=\"og:title\" content=\"Pioen Early Sensation (Vroeg) - Green Works - Specialist in Pioenen\" \/>\n<meta property=\"og:description\" content=\"U vindt de mooiste en meest unieke Pioenen zoals deze Paeonia Early Sensation bij Green Works. Bekijk ons volledige assortiment van prachtige Pioenen!\" \/>\n<meta property=\"og:url\" content=\"https:\/\/green-works.nl\/nl\/snijbloemen\/paeonia-2\/pioen-early-sensation\/\" \/>\n<meta property=\"og:site_name\" content=\"Green Works\" \/>\n<meta property=\"article:publisher\" content=\"https:\/\/www.facebook.com\/greenworksinternational\/\" \/>\n<meta property=\"article:modified_time\" content=\"2023-12-21T12:47:33+00:00\" \/>\n<meta property=\"og:image\" content=\"https:\/\/green-works.nl\/wp-content\/uploads\/2023\/12\/Early-Sensation.jpg\" \/>\n\t<meta property=\"og:image:width\" content=\"736\" \/>\n\t<meta property=\"og:image:height\" content=\"960\" \/>\n\t<meta property=\"og:image:type\" content=\"image\/jpeg\" \/>\n<meta name=\"twitter:card\" content=\"summary_large_image\" \/>\n<script type=\"application\/ld+json\" class=\"yoast-schema-graph\">{\"@context\":\"https:\/\/schema.org\",\"@graph\":[{\"@type\":\"WebPage\",\"@id\":\"https:\/\/green-works.nl\/nl\/snijbloemen\/paeonia-2\/pioen-early-sensation\/\",\"url\":\"https:\/\/green-works.nl\/nl\/snijbloemen\/paeonia-2\/pioen-early-sensation\/\",\"name\":\"Pioen Early Sensation (Vroeg) - Green Works - Specialist in Pioenen\",\"isPartOf\":{\"@id\":\"https:\/\/green-works.nl\/nl\/#website\"},\"primaryImageOfPage\":{\"@id\":\"https:\/\/green-works.nl\/nl\/snijbloemen\/paeonia-2\/pioen-early-sensation\/#primaryimage\"},\"image\":{\"@id\":\"https:\/\/green-works.nl\/nl\/snijbloemen\/paeonia-2\/pioen-early-sensation\/#primaryimage\"},\"thumbnailUrl\":\"https:\/\/green-works.nl\/wp-content\/uploads\/2023\/12\/Early-Sensation.jpg\",\"datePublished\":\"2023-08-10T13:36:00+00:00\",\"dateModified\":\"2023-12-21T12:47:33+00:00\",\"description\":\"U vindt de mooiste en meest unieke Pioenen zoals deze Paeonia Early Sensation bij Green Works. Bekijk ons volledige assortiment van prachtige Pioenen!\",\"breadcrumb\":{\"@id\":\"https:\/\/green-works.nl\/nl\/snijbloemen\/paeonia-2\/pioen-early-sensation\/#breadcrumb\"},\"inLanguage\":\"nl-NL\",\"potentialAction\":[{\"@type\":\"ReadAction\",\"target\":[\"https:\/\/green-works.nl\/nl\/snijbloemen\/paeonia-2\/pioen-early-sensation\/\"]}]},{\"@type\":\"ImageObject\",\"inLanguage\":\"nl-NL\",\"@id\":\"https:\/\/green-works.nl\/nl\/snijbloemen\/paeonia-2\/pioen-early-sensation\/#primaryimage\",\"url\":\"https:\/\/green-works.nl\/wp-content\/uploads\/2023\/12\/Early-Sensation.jpg\",\"contentUrl\":\"https:\/\/green-works.nl\/wp-content\/uploads\/2023\/12\/Early-Sensation.jpg\",\"width\":736,\"height\":960},{\"@type\":\"BreadcrumbList\",\"@id\":\"https:\/\/green-works.nl\/nl\/snijbloemen\/paeonia-2\/pioen-early-sensation\/#breadcrumb\",\"itemListElement\":[{\"@type\":\"ListItem\",\"position\":1,\"name\":\"Home\",\"item\":\"https:\/\/green-works.nl\/nl\/\"},{\"@type\":\"ListItem\",\"position\":2,\"name\":\"Winkel\",\"item\":\"https:\/\/green-works.nl\/nl\/winkel\/\"},{\"@type\":\"ListItem\",\"position\":3,\"name\":\"Early Sensation (Vroeg)\"}]},{\"@type\":\"WebSite\",\"@id\":\"https:\/\/green-works.nl\/nl\/#website\",\"url\":\"https:\/\/green-works.nl\/nl\/\",\"name\":\"Green Works\",\"description\":\"Specialist in Young Plants, Paeonia &amp; Ranunculus\",\"publisher\":{\"@id\":\"https:\/\/green-works.nl\/nl\/#organization\"},\"potentialAction\":[{\"@type\":\"SearchAction\",\"target\":{\"@type\":\"EntryPoint\",\"urlTemplate\":\"https:\/\/green-works.nl\/nl\/?s={search_term_string}\"},\"query-input\":\"required name=search_term_string\"}],\"inLanguage\":\"nl-NL\"},{\"@type\":\"Organization\",\"@id\":\"https:\/\/green-works.nl\/nl\/#organization\",\"name\":\"Green Works\",\"url\":\"https:\/\/green-works.nl\/nl\/\",\"logo\":{\"@type\":\"ImageObject\",\"inLanguage\":\"nl-NL\",\"@id\":\"https:\/\/green-works.nl\/nl\/#\/schema\/logo\/image\/\",\"url\":\"https:\/\/green-works.nl\/wp-content\/uploads\/2023\/01\/GWI_Logo.png\",\"contentUrl\":\"https:\/\/green-works.nl\/wp-content\/uploads\/2023\/01\/GWI_Logo.png\",\"width\":960,\"height\":540,\"caption\":\"Green Works\"},\"image\":{\"@id\":\"https:\/\/green-works.nl\/nl\/#\/schema\/logo\/image\/\"},\"sameAs\":[\"https:\/\/www.facebook.com\/greenworksinternational\/\"]}]}<\/script>\n<!-- \/ Yoast SEO plugin. -->","yoast_head_json":{"title":"Pioen Early Sensation (Vroeg) - Green Works - Specialist in Pioenen","description":"U vindt de mooiste en meest unieke Pioenen zoals deze Paeonia Early Sensation bij Green Works. Bekijk ons volledige assortiment van prachtige Pioenen!","robots":{"index":"index","follow":"follow","max-snippet":"max-snippet:-1","max-image-preview":"max-image-preview:large","max-video-preview":"max-video-preview:-1"},"canonical":"https:\/\/green-works.nl\/nl\/snijbloemen\/paeonia-2\/pioen-early-sensation\/","og_locale":"nl_NL","og_type":"article","og_title":"Pioen Early Sensation (Vroeg) - Green Works - Specialist in Pioenen","og_description":"U vindt de mooiste en meest unieke Pioenen zoals deze Paeonia Early Sensation bij Green Works. Bekijk ons volledige assortiment van prachtige Pioenen!","og_url":"https:\/\/green-works.nl\/nl\/snijbloemen\/paeonia-2\/pioen-early-sensation\/","og_site_name":"Green Works","article_publisher":"https:\/\/www.facebook.com\/greenworksinternational\/","article_modified_time":"2023-12-21T12:47:33+00:00","og_image":[{"width":736,"height":960,"url":"https:\/\/green-works.nl\/wp-content\/uploads\/2023\/12\/Early-Sensation.jpg","type":"image\/jpeg"}],"twitter_card":"summary_large_image","schema":{"@context":"https:\/\/schema.org","@graph":[{"@type":"WebPage","@id":"https:\/\/green-works.nl\/nl\/snijbloemen\/paeonia-2\/pioen-early-sensation\/","url":"https:\/\/green-works.nl\/nl\/snijbloemen\/paeonia-2\/pioen-early-sensation\/","name":"Pioen Early Sensation (Vroeg) - Green Works - Specialist in Pioenen","isPartOf":{"@id":"https:\/\/green-works.nl\/nl\/#website"},"primaryImageOfPage":{"@id":"https:\/\/green-works.nl\/nl\/snijbloemen\/paeonia-2\/pioen-early-sensation\/#primaryimage"},"image":{"@id":"https:\/\/green-works.nl\/nl\/snijbloemen\/paeonia-2\/pioen-early-sensation\/#primaryimage"},"thumbnailUrl":"https:\/\/green-works.nl\/wp-content\/uploads\/2023\/12\/Early-Sensation.jpg","datePublished":"2023-08-10T13:36:00+00:00","dateModified":"2023-12-21T12:47:33+00:00","description":"U vindt de mooiste en meest unieke Pioenen zoals deze Paeonia Early Sensation bij Green Works. Bekijk ons volledige assortiment van prachtige Pioenen!","breadcrumb":{"@id":"https:\/\/green-works.nl\/nl\/snijbloemen\/paeonia-2\/pioen-early-sensation\/#breadcrumb"},"inLanguage":"nl-NL","potentialAction":[{"@type":"ReadAction","target":["https:\/\/green-works.nl\/nl\/snijbloemen\/paeonia-2\/pioen-early-sensation\/"]}]},{"@type":"ImageObject","inLanguage":"nl-NL","@id":"https:\/\/green-works.nl\/nl\/snijbloemen\/paeonia-2\/pioen-early-sensation\/#primaryimage","url":"https:\/\/green-works.nl\/wp-content\/uploads\/2023\/12\/Early-Sensation.jpg","contentUrl":"https:\/\/green-works.nl\/wp-content\/uploads\/2023\/12\/Early-Sensation.jpg","width":736,"height":960},{"@type":"BreadcrumbList","@id":"https:\/\/green-works.nl\/nl\/snijbloemen\/paeonia-2\/pioen-early-sensation\/#breadcrumb","itemListElement":[{"@type":"ListItem","position":1,"name":"Home","item":"https:\/\/green-works.nl\/nl\/"},{"@type":"ListItem","position":2,"name":"Winkel","item":"https:\/\/green-works.nl\/nl\/winkel\/"},{"@type":"ListItem","position":3,"name":"Early Sensation (Vroeg)"}]},{"@type":"WebSite","@id":"https:\/\/green-works.nl\/nl\/#website","url":"https:\/\/green-works.nl\/nl\/","name":"Green Works","description":"Specialist in Young Plants, Paeonia &amp; Ranunculus","publisher":{"@id":"https:\/\/green-works.nl\/nl\/#organization"},"potentialAction":[{"@type":"SearchAction","target":{"@type":"EntryPoint","urlTemplate":"https:\/\/green-works.nl\/nl\/?s={search_term_string}"},"query-input":"required name=search_term_string"}],"inLanguage":"nl-NL"},{"@type":"Organization","@id":"https:\/\/green-works.nl\/nl\/#organization","name":"Green Works","url":"https:\/\/green-works.nl\/nl\/","logo":{"@type":"ImageObject","inLanguage":"nl-NL","@id":"https:\/\/green-works.nl\/nl\/#\/schema\/logo\/image\/","url":"https:\/\/green-works.nl\/wp-content\/uploads\/2023\/01\/GWI_Logo.png","contentUrl":"https:\/\/green-works.nl\/wp-content\/uploads\/2023\/01\/GWI_Logo.png","width":960,"height":540,"caption":"Green Works"},"image":{"@id":"https:\/\/green-works.nl\/nl\/#\/schema\/logo\/image\/"},"sameAs":["https:\/\/www.facebook.com\/greenworksinternational\/"]}]}},"_links":{"self":[{"href":"https:\/\/green-works.nl\/nl\/wp-json\/wp\/v2\/product\/8792","targetHints":{"allow":["GET"]}}],"collection":[{"href":"https:\/\/green-works.nl\/nl\/wp-json\/wp\/v2\/product"}],"about":[{"href":"https:\/\/green-works.nl\/nl\/wp-json\/wp\/v2\/types\/product"}],"wp:featuredmedia":[{"embeddable":true,"href":"https:\/\/green-works.nl\/nl\/wp-json\/wp\/v2\/media\/9662"}],"wp:attachment":[{"href":"https:\/\/green-works.nl\/nl\/wp-json\/wp\/v2\/media?parent=8792"}],"wp:term":[{"taxonomy":"product_cat","embeddable":true,"href":"https:\/\/green-works.nl\/nl\/wp-json\/wp\/v2\/product_cat?post=8792"},{"taxonomy":"product_tag","embeddable":true,"href":"https:\/\/green-works.nl\/nl\/wp-json\/wp\/v2\/product_tag?post=8792"}],"curies":[{"name":"wp","href":"https:\/\/api.w.org\/{rel}","templated":true}]}}